{"id":680,"date":"2025-10-25T06:46:59","date_gmt":"2025-10-25T04:46:59","guid":{"rendered":"https:\/\/sandbox2.synergic.ch\/?page_id=680"},"modified":"2026-03-18T09:05:40","modified_gmt":"2026-03-18T08:05:40","slug":"contact","status":"publish","type":"page","link":"https:\/\/sandbox2.synergic.ch\/?page_id=680","title":{"rendered":"Contact"},"content":{"rendered":"\t\t<div data-elementor-type=\"wp-page\" data-elementor-id=\"680\" class=\"elementor elementor-680\" data-elementor-post-type=\"page\">\n\t\t\t\t<div class=\"elementor-element elementor-element-a348d10 e-con-full e-flex e-con e-parent\" data-id=\"a348d10\" data-element_type=\"container\" data-settings=\"{&quot;background_background&quot;:&quot;classic&quot;,&quot;shape_divider_bottom&quot;:&quot;pyramids&quot;}\">\n\t\t\t\t<div class=\"elementor-shape elementor-shape-bottom\" aria-hidden=\"true\" data-negative=\"false\">\n\t\t\t<svg xmlns=\"http:\/\/www.w3.org\/2000\/svg\" viewBox=\"0 0 1000 100\" preserveAspectRatio=\"none\">\n\t<path class=\"elementor-shape-fill\" d=\"M761.9,44.1L643.1,27.2L333.8,98L0,3.8V0l1000,0v3.9\"\/>\n<\/svg>\t\t<\/div>\n\t\t<div class=\"elementor-element elementor-element-07ec011 e-con-full e-flex e-con e-child\" data-id=\"07ec011\" data-element_type=\"container\">\n\t\t\t\t<div class=\"elementor-element elementor-element-dcded6a elementor-widget elementor-widget-image\" data-id=\"dcded6a\" data-element_type=\"widget\" data-widget_type=\"image.default\">\n\t\t\t\t\t\t\t\t\t\t\t\t\t\t\t<img fetchpriority=\"high\" decoding=\"async\" width=\"1530\" height=\"704\" src=\"https:\/\/sandbox2.synergic.ch\/wp-content\/uploads\/2025\/10\/1ee37ccf-d3fb-440f-a266-3224ae841ff4.png\" class=\"attachment-full size-full wp-image-97\" alt=\"\" srcset=\"https:\/\/sandbox2.synergic.ch\/wp-content\/uploads\/2025\/10\/1ee37ccf-d3fb-440f-a266-3224ae841ff4.png 1530w, https:\/\/sandbox2.synergic.ch\/wp-content\/uploads\/2025\/10\/1ee37ccf-d3fb-440f-a266-3224ae841ff4-300x138.png 300w, https:\/\/sandbox2.synergic.ch\/wp-content\/uploads\/2025\/10\/1ee37ccf-d3fb-440f-a266-3224ae841ff4-1024x471.png 1024w, https:\/\/sandbox2.synergic.ch\/wp-content\/uploads\/2025\/10\/1ee37ccf-d3fb-440f-a266-3224ae841ff4-768x353.png 768w, https:\/\/sandbox2.synergic.ch\/wp-content\/uploads\/2025\/10\/1ee37ccf-d3fb-440f-a266-3224ae841ff4-600x276.png 600w\" sizes=\"(max-width: 1530px) 100vw, 1530px\" \/>\t\t\t\t\t\t\t\t\t\t\t\t\t\t\t<\/div>\n\t\t\t\t<\/div>\n\t\t\t\t<\/div>\n\t\t<div class=\"elementor-element elementor-element-14702e9 e-flex e-con-boxed e-con e-parent\" data-id=\"14702e9\" data-element_type=\"container\">\n\t\t\t\t\t<div class=\"e-con-inner\">\n\t\t<div class=\"elementor-element elementor-element-888aa38 e-con-full e-flex e-con e-child\" data-id=\"888aa38\" data-element_type=\"container\">\n\t\t\t\t<div class=\"elementor-element elementor-element-852837d elementor-widget elementor-widget-heading\" data-id=\"852837d\" data-element_type=\"widget\" data-widget_type=\"heading.default\">\n\t\t\t\t\t<h2 class=\"elementor-heading-title elementor-size-default\">Contactez-nous<\/h2>\t\t\t\t<\/div>\n\t\t\t\t<\/div>\n\t\t\t\t\t<\/div>\n\t\t\t\t<\/div>\n\t\t<div class=\"elementor-element elementor-element-e6908ac e-flex e-con-boxed e-con e-parent\" data-id=\"e6908ac\" data-element_type=\"container\" data-settings=\"{&quot;background_background&quot;:&quot;classic&quot;}\">\n\t\t\t\t\t<div class=\"e-con-inner\">\n\t\t\t\t<div class=\"elementor-element elementor-element-d8f768b elementor-widget elementor-widget-text-editor\" data-id=\"d8f768b\" data-element_type=\"widget\" data-widget_type=\"text-editor.default\">\n\t\t\t\t\t\t\t\t\t<p>Une question, une demande d\u2019information ou l\u2019envie de collaborer avec nous ?&nbsp;<span style=\"font-size: 1.5rem;\">Notre \u00e9quipe Synergic se fera un plaisir de vous r\u00e9pondre.<\/span><\/p>\t\t\t\t\t\t\t\t<\/div>\n\t\t\t\t<div class=\"elementor-element elementor-element-5a50bcc elementor-widget elementor-widget-text-editor\" data-id=\"5a50bcc\" data-element_type=\"widget\" data-widget_type=\"text-editor.default\">\n\t\t\t\t\t\t\t\t\t<p>Ce site est d\u00e9di\u00e9 exclusivement aux entreprises de pratique commerciale ; aucune marchandise r\u00e9elle n\u2019est exp\u00e9di\u00e9e.&nbsp;<span style=\"font-size: 1rem;\">Pour toute commande r\u00e9elle de produits Airboard\u00ae, veuillez vous rendre directement sur le <\/span><a href=\"https:\/\/airboard.ch\/en\/pages\/fun-care-ag?srsltid=AfmBOoqPpki2wXYGc-PNwiSZDB8P3ZaeTTJaYyGDteENmsAYx1XNkkus\" style=\"font-size: 1rem;\">site officiel<\/a><span style=\"font-size: 1rem;\"> de la marque.<\/span><\/p>\t\t\t\t\t\t\t\t<\/div>\n\t\t\t\t\t<\/div>\n\t\t\t\t<\/div>\n\t\t<div class=\"elementor-element elementor-element-641c924 e-flex e-con-boxed e-con e-parent\" data-id=\"641c924\" data-element_type=\"container\">\n\t\t\t\t\t<div class=\"e-con-inner\">\n\t\t<div class=\"elementor-element elementor-element-82e24be e-con-full e-flex e-con e-child\" data-id=\"82e24be\" data-element_type=\"container\">\n\t\t\t\t<div class=\"elementor-element elementor-element-5684e2b elementor-button-align-stretch elementor-widget elementor-widget-form\" data-id=\"5684e2b\" data-element_type=\"widget\" data-settings=\"{&quot;button_width&quot;:&quot;20&quot;,&quot;step_next_label&quot;:&quot;Suivant&quot;,&quot;step_previous_label&quot;:&quot;Pr\\u00e9c\\u00e9dent&quot;,&quot;step_type&quot;:&quot;number_text&quot;,&quot;step_icon_shape&quot;:&quot;circle&quot;}\" data-widget_type=\"form.default\">\n\t\t\t\t\t\t\t<form class=\"elementor-form\" method=\"post\" name=\"Nouveau formulaire\" aria-label=\"Nouveau formulaire\">\n\t\t\t<input type=\"hidden\" name=\"post_id\" value=\"680\"\/>\n\t\t\t<input type=\"hidden\" name=\"form_id\" value=\"5684e2b\"\/>\n\t\t\t<input type=\"hidden\" name=\"referer_title\" value=\"Contact\" \/>\n\n\t\t\t\t\t\t\t<input type=\"hidden\" name=\"queried_id\" value=\"680\"\/>\n\t\t\t\n\t\t\t<div class=\"elementor-form-fields-wrapper elementor-labels-above\">\n\t\t\t\t\t\t\t\t<div class=\"elementor-field-type-text elementor-field-group elementor-column elementor-field-group-field_b5a8d35 elementor-col-50\">\n\t\t\t\t\t\t\t\t\t\t\t\t\t<input size=\"1\" type=\"text\" name=\"form_fields[field_b5a8d35]\" id=\"form-field-field_b5a8d35\" class=\"elementor-field elementor-size-sm  elementor-field-textual\" placeholder=\"Pr\u00e9nom\">\n\t\t\t\t\t\t\t\t\t\t\t<\/div>\n\t\t\t\t\t\t\t\t<div class=\"elementor-field-type-text elementor-field-group elementor-column elementor-field-group-name elementor-col-50\">\n\t\t\t\t\t\t\t\t\t\t\t\t\t<input size=\"1\" type=\"text\" name=\"form_fields[name]\" id=\"form-field-name\" class=\"elementor-field elementor-size-sm  elementor-field-textual\" placeholder=\"Nom\">\n\t\t\t\t\t\t\t\t\t\t\t<\/div>\n\t\t\t\t\t\t\t\t<div class=\"elementor-field-type-email elementor-field-group elementor-column elementor-field-group-email elementor-col-100 elementor-field-required\">\n\t\t\t\t\t\t\t\t\t\t\t\t\t<input size=\"1\" type=\"email\" name=\"form_fields[email]\" id=\"form-field-email\" class=\"elementor-field elementor-size-sm  elementor-field-textual\" placeholder=\"E-mail\" required=\"required\">\n\t\t\t\t\t\t\t\t\t\t\t<\/div>\n\t\t\t\t\t\t\t\t<div class=\"elementor-field-type-textarea elementor-field-group elementor-column elementor-field-group-message elementor-col-100\">\n\t\t\t\t\t<textarea class=\"elementor-field-textual elementor-field  elementor-size-sm\" name=\"form_fields[message]\" id=\"form-field-message\" rows=\"4\" placeholder=\"Message\"><\/textarea>\t\t\t\t<\/div>\n\t\t\t\t\t\t\t\t<div class=\"elementor-field-group elementor-column elementor-field-type-submit elementor-col-20 e-form__buttons\">\n\t\t\t\t\t<button class=\"elementor-button elementor-size-xs\" type=\"submit\">\n\t\t\t\t\t\t<span class=\"elementor-button-content-wrapper\">\n\t\t\t\t\t\t\t\t\t\t\t\t\t\t\t\t\t\t\t\t\t\t<span class=\"elementor-button-text\">Envoyer<\/span>\n\t\t\t\t\t\t\t\t\t\t\t\t\t<\/span>\n\t\t\t\t\t<\/button>\n\t\t\t\t<\/div>\n\t\t\t<\/div>\n\t\t<\/form>\n\t\t\t\t\t\t<\/div>\n\t\t\t\t<\/div>\n\t\t<div class=\"elementor-element elementor-element-c873314 e-con-full e-flex e-con e-child\" data-id=\"c873314\" data-element_type=\"container\">\n\t\t\t\t<div class=\"elementor-element elementor-element-6239074 elementor-widget elementor-widget-image\" data-id=\"6239074\" data-element_type=\"widget\" data-widget_type=\"image.default\">\n\t\t\t\t\t\t\t\t\t\t\t\t\t\t\t<img decoding=\"async\" width=\"1024\" height=\"1024\" src=\"https:\/\/sandbox2.synergic.ch\/wp-content\/uploads\/2026\/03\/image.png\" class=\"attachment-full size-full wp-image-978\" alt=\"\" srcset=\"https:\/\/sandbox2.synergic.ch\/wp-content\/uploads\/2026\/03\/image.png 1024w, https:\/\/sandbox2.synergic.ch\/wp-content\/uploads\/2026\/03\/image-300x300.png 300w, https:\/\/sandbox2.synergic.ch\/wp-content\/uploads\/2026\/03\/image-150x150.png 150w, https:\/\/sandbox2.synergic.ch\/wp-content\/uploads\/2026\/03\/image-768x768.png 768w, https:\/\/sandbox2.synergic.ch\/wp-content\/uploads\/2026\/03\/image-600x600.png 600w, https:\/\/sandbox2.synergic.ch\/wp-content\/uploads\/2026\/03\/image-100x100.png 100w\" sizes=\"(max-width: 1024px) 100vw, 1024px\" \/>\t\t\t\t\t\t\t\t\t\t\t\t\t\t\t<\/div>\n\t\t\t\t<\/div>\n\t\t\t\t\t<\/div>\n\t\t\t\t<\/div>\n\t\t\t\t<\/div>\n\t\t","protected":false},"excerpt":{"rendered":"<p>Contactez-nous Une question, une demande d\u2019information ou l\u2019envie de collaborer avec nous ?&nbsp;Notre \u00e9quipe Synergic se fera un plaisir de vous r\u00e9pondre. Ce site est d\u00e9di\u00e9 exclusivement aux entreprises de pratique commerciale ; aucune marchandise r\u00e9elle n\u2019est exp\u00e9di\u00e9e.&nbsp;Pour toute commande r\u00e9elle de produits Airboard\u00ae, veuillez vous rendre directement sur le site officiel de la marque.<\/p>\n","protected":false},"author":1,"featured_media":0,"parent":0,"menu_order":0,"comment_status":"closed","ping_status":"closed","template":"elementor_canvas","meta":{"footnotes":""},"folder":[],"class_list":["post-680","page","type-page","status-publish","hentry"],"jetpack_sharing_enabled":true,"_links":{"self":[{"href":"https:\/\/sandbox2.synergic.ch\/index.php?rest_route=\/wp\/v2\/pages\/680","targetHints":{"allow":["GET"]}}],"collection":[{"href":"https:\/\/sandbox2.synergic.ch\/index.php?rest_route=\/wp\/v2\/pages"}],"about":[{"href":"https:\/\/sandbox2.synergic.ch\/index.php?rest_route=\/wp\/v2\/types\/page"}],"author":[{"embeddable":true,"href":"https:\/\/sandbox2.synergic.ch\/index.php?rest_route=\/wp\/v2\/users\/1"}],"replies":[{"embeddable":true,"href":"https:\/\/sandbox2.synergic.ch\/index.php?rest_route=%2Fwp%2Fv2%2Fcomments&post=680"}],"version-history":[{"count":76,"href":"https:\/\/sandbox2.synergic.ch\/index.php?rest_route=\/wp\/v2\/pages\/680\/revisions"}],"predecessor-version":[{"id":982,"href":"https:\/\/sandbox2.synergic.ch\/index.php?rest_route=\/wp\/v2\/pages\/680\/revisions\/982"}],"wp:attachment":[{"href":"https:\/\/sandbox2.synergic.ch\/index.php?rest_route=%2Fwp%2Fv2%2Fmedia&parent=680"}],"wp:term":[{"taxonomy":"folder","embeddable":true,"href":"https:\/\/sandbox2.synergic.ch\/index.php?rest_route=%2Fwp%2Fv2%2Ffolder&post=680"}],"curies":[{"name":"wp","href":"https:\/\/api.w.org\/{rel}","templated":true}]}}