{"id":733,"date":"2025-10-28T07:49:03","date_gmt":"2025-10-28T06:49:03","guid":{"rendered":"https:\/\/sandbox2.synergic.ch\/?page_id=733"},"modified":"2025-11-21T12:09:08","modified_gmt":"2025-11-21T11:09:08","slug":"a-propos-de-nous","status":"publish","type":"page","link":"https:\/\/sandbox2.synergic.ch\/?page_id=733","title":{"rendered":"\u00e0 propos de nous"},"content":{"rendered":"\t\t<div data-elementor-type=\"wp-page\" data-elementor-id=\"733\" class=\"elementor elementor-733\" data-elementor-post-type=\"page\">\n\t\t\t\t<div class=\"elementor-element elementor-element-b8a9668 e-con-full e-flex e-con e-parent\" data-id=\"b8a9668\" data-element_type=\"container\" data-settings=\"{&quot;background_background&quot;:&quot;classic&quot;,&quot;shape_divider_bottom&quot;:&quot;pyramids&quot;}\">\n\t\t\t\t<div class=\"elementor-shape elementor-shape-bottom\" aria-hidden=\"true\" data-negative=\"false\">\n\t\t\t<svg xmlns=\"http:\/\/www.w3.org\/2000\/svg\" viewBox=\"0 0 1000 100\" preserveAspectRatio=\"none\">\n\t<path class=\"elementor-shape-fill\" d=\"M761.9,44.1L643.1,27.2L333.8,98L0,3.8V0l1000,0v3.9\"\/>\n<\/svg>\t\t<\/div>\n\t\t<div class=\"elementor-element elementor-element-21f8cda e-con-full e-flex e-con e-child\" data-id=\"21f8cda\" data-element_type=\"container\">\n\t\t\t\t<div class=\"elementor-element elementor-element-7f3ac2d elementor-widget elementor-widget-image\" data-id=\"7f3ac2d\" data-element_type=\"widget\" data-widget_type=\"image.default\">\n\t\t\t\t\t\t\t\t\t\t\t\t\t\t\t<img fetchpriority=\"high\" decoding=\"async\" width=\"1530\" height=\"704\" src=\"https:\/\/sandbox2.synergic.ch\/wp-content\/uploads\/2025\/10\/1ee37ccf-d3fb-440f-a266-3224ae841ff4.png\" class=\"attachment-full size-full wp-image-97\" alt=\"\" srcset=\"https:\/\/sandbox2.synergic.ch\/wp-content\/uploads\/2025\/10\/1ee37ccf-d3fb-440f-a266-3224ae841ff4.png 1530w, https:\/\/sandbox2.synergic.ch\/wp-content\/uploads\/2025\/10\/1ee37ccf-d3fb-440f-a266-3224ae841ff4-300x138.png 300w, https:\/\/sandbox2.synergic.ch\/wp-content\/uploads\/2025\/10\/1ee37ccf-d3fb-440f-a266-3224ae841ff4-1024x471.png 1024w, https:\/\/sandbox2.synergic.ch\/wp-content\/uploads\/2025\/10\/1ee37ccf-d3fb-440f-a266-3224ae841ff4-768x353.png 768w, https:\/\/sandbox2.synergic.ch\/wp-content\/uploads\/2025\/10\/1ee37ccf-d3fb-440f-a266-3224ae841ff4-600x276.png 600w\" sizes=\"(max-width: 1530px) 100vw, 1530px\" \/>\t\t\t\t\t\t\t\t\t\t\t\t\t\t\t<\/div>\n\t\t\t\t<\/div>\n\t\t\t\t<\/div>\n\t\t<div class=\"elementor-element elementor-element-700cce6 e-flex e-con-boxed e-con e-parent\" data-id=\"700cce6\" data-element_type=\"container\">\n\t\t\t\t\t<div class=\"e-con-inner\">\n\t\t\t\t<div class=\"elementor-element elementor-element-1574300 elementor-widget elementor-widget-heading\" data-id=\"1574300\" data-element_type=\"widget\" data-widget_type=\"heading.default\">\n\t\t\t\t\t<h2 class=\"elementor-heading-title elementor-size-default\">\u00e0 propos de nous<\/h2>\t\t\t\t<\/div>\n\t\t\t\t\t<\/div>\n\t\t\t\t<\/div>\n\t\t<div class=\"elementor-element elementor-element-b0fb7b8 e-flex e-con-boxed e-con e-parent\" data-id=\"b0fb7b8\" data-element_type=\"container\">\n\t\t\t\t\t<div class=\"e-con-inner\">\n\t\t\t\t<div class=\"elementor-element elementor-element-56da878 elementor-widget elementor-widget-image\" data-id=\"56da878\" data-element_type=\"widget\" data-widget_type=\"image.default\">\n\t\t\t\t\t\t\t\t\t\t\t\t\t\t\t<img decoding=\"async\" width=\"775\" height=\"53\" src=\"https:\/\/sandbox2.synergic.ch\/wp-content\/uploads\/2025\/10\/airboard-logo-extralong_49355406131_o.jpg\" class=\"attachment-full size-full wp-image-108\" alt=\"\" srcset=\"https:\/\/sandbox2.synergic.ch\/wp-content\/uploads\/2025\/10\/airboard-logo-extralong_49355406131_o.jpg 775w, https:\/\/sandbox2.synergic.ch\/wp-content\/uploads\/2025\/10\/airboard-logo-extralong_49355406131_o-300x21.jpg 300w, https:\/\/sandbox2.synergic.ch\/wp-content\/uploads\/2025\/10\/airboard-logo-extralong_49355406131_o-768x53.jpg 768w, https:\/\/sandbox2.synergic.ch\/wp-content\/uploads\/2025\/10\/airboard-logo-extralong_49355406131_o-600x41.jpg 600w\" sizes=\"(max-width: 775px) 100vw, 775px\" \/>\t\t\t\t\t\t\t\t\t\t\t\t\t\t\t<\/div>\n\t\t\t\t\t<\/div>\n\t\t\t\t<\/div>\n\t\t<div class=\"elementor-element elementor-element-44a24ea e-flex e-con-boxed e-con e-parent\" data-id=\"44a24ea\" data-element_type=\"container\" data-settings=\"{&quot;animation&quot;:&quot;none&quot;}\">\n\t\t\t\t\t<div class=\"e-con-inner\">\n\t\t<div class=\"elementor-element elementor-element-2bf44e2 e-con-full e-flex elementor-invisible e-con e-child\" data-id=\"2bf44e2\" data-element_type=\"container\" data-settings=\"{&quot;animation_delay&quot;:600,&quot;animation&quot;:&quot;slideInLeft&quot;}\">\n\t\t\t\t<div class=\"elementor-element elementor-element-85276fc elementor-widget elementor-widget-image\" data-id=\"85276fc\" data-element_type=\"widget\" data-widget_type=\"image.default\">\n\t\t\t\t\t\t\t\t\t\t\t\t\t\t\t<img decoding=\"async\" width=\"2560\" height=\"1712\" src=\"https:\/\/sandbox2.synergic.ch\/wp-content\/uploads\/2025\/10\/52863374267_e40ec0642e_o-scaled.jpg\" class=\"attachment-full size-full wp-image-484\" alt=\"\" srcset=\"https:\/\/sandbox2.synergic.ch\/wp-content\/uploads\/2025\/10\/52863374267_e40ec0642e_o-scaled.jpg 2560w, https:\/\/sandbox2.synergic.ch\/wp-content\/uploads\/2025\/10\/52863374267_e40ec0642e_o-300x201.jpg 300w, https:\/\/sandbox2.synergic.ch\/wp-content\/uploads\/2025\/10\/52863374267_e40ec0642e_o-1024x685.jpg 1024w, https:\/\/sandbox2.synergic.ch\/wp-content\/uploads\/2025\/10\/52863374267_e40ec0642e_o-768x514.jpg 768w, https:\/\/sandbox2.synergic.ch\/wp-content\/uploads\/2025\/10\/52863374267_e40ec0642e_o-1536x1027.jpg 1536w, https:\/\/sandbox2.synergic.ch\/wp-content\/uploads\/2025\/10\/52863374267_e40ec0642e_o-2048x1370.jpg 2048w, https:\/\/sandbox2.synergic.ch\/wp-content\/uploads\/2025\/10\/52863374267_e40ec0642e_o-600x401.jpg 600w\" sizes=\"(max-width: 2560px) 100vw, 2560px\" \/>\t\t\t\t\t\t\t\t\t\t\t\t\t\t\t<\/div>\n\t\t\t\t<div class=\"elementor-element elementor-element-d247fc8 elementor-widget elementor-widget-text-editor\" data-id=\"d247fc8\" data-element_type=\"widget\" data-widget_type=\"text-editor.default\">\n\t\t\t\t\t\t\t\t\t<p>N\u00e9e au c\u0153ur de la Suisse, Airboard\u00ae incarne la libert\u00e9, la glisse et l\u2019innovation. Depuis plus de vingt ans, la marque con\u00e7oit des \u00e9quipements sportifs gonflables alliant design, s\u00e9curit\u00e9 et performance. Chaque cr\u00e9ation est le fruit d\u2019un savoir-faire suisse unique, o\u00f9 la passion du sport rencontre la pr\u00e9cision technique.<\/p>\t\t\t\t\t\t\t\t<\/div>\n\t\t\t\t<\/div>\n\t\t<div class=\"elementor-element elementor-element-b2c6580 e-con-full e-flex elementor-invisible e-con e-child\" data-id=\"b2c6580\" data-element_type=\"container\" data-settings=\"{&quot;animation_delay&quot;:900,&quot;animation&quot;:&quot;slideInUp&quot;}\">\n\t\t\t\t<div class=\"elementor-element elementor-element-dcd8089 elementor-widget elementor-widget-text-editor\" data-id=\"dcd8089\" data-element_type=\"widget\" data-widget_type=\"text-editor.default\">\n\t\t\t\t\t\t\t\t\t<p>Des bodyboards de neige aux stand up paddles, chaque produit Airboard\u00ae est pens\u00e9 pour offrir une exp\u00e9rience authentique, l\u00e9g\u00e8re et durable sur la neige comme sur l\u2019eau. Parce que chaque aventure m\u00e9rite une sensation de libert\u00e9 pure, Airboard\u00ae invite chacun \u00e0 repousser ses limites, saison apr\u00e8s saison.<\/p>\t\t\t\t\t\t\t\t<\/div>\n\t\t\t\t<div class=\"elementor-element elementor-element-229bb74 elementor-widget elementor-widget-image\" data-id=\"229bb74\" data-element_type=\"widget\" data-widget_type=\"image.default\">\n\t\t\t\t\t\t\t\t\t\t\t\t\t\t\t<img loading=\"lazy\" decoding=\"async\" width=\"800\" height=\"509\" src=\"https:\/\/sandbox2.synergic.ch\/wp-content\/uploads\/2025\/10\/52863374262_a8dfd30a7c_o-1024x651.jpg\" class=\"attachment-large size-large wp-image-483\" alt=\"\" srcset=\"https:\/\/sandbox2.synergic.ch\/wp-content\/uploads\/2025\/10\/52863374262_a8dfd30a7c_o-1024x651.jpg 1024w, https:\/\/sandbox2.synergic.ch\/wp-content\/uploads\/2025\/10\/52863374262_a8dfd30a7c_o-300x191.jpg 300w, https:\/\/sandbox2.synergic.ch\/wp-content\/uploads\/2025\/10\/52863374262_a8dfd30a7c_o-768x489.jpg 768w, https:\/\/sandbox2.synergic.ch\/wp-content\/uploads\/2025\/10\/52863374262_a8dfd30a7c_o-1536x977.jpg 1536w, https:\/\/sandbox2.synergic.ch\/wp-content\/uploads\/2025\/10\/52863374262_a8dfd30a7c_o-2048x1303.jpg 2048w, https:\/\/sandbox2.synergic.ch\/wp-content\/uploads\/2025\/10\/52863374262_a8dfd30a7c_o-600x382.jpg 600w\" sizes=\"(max-width: 800px) 100vw, 800px\" \/>\t\t\t\t\t\t\t\t\t\t\t\t\t\t\t<\/div>\n\t\t\t\t<\/div>\n\t\t<div class=\"elementor-element elementor-element-7a25fa6 e-con-full e-flex elementor-invisible e-con e-child\" data-id=\"7a25fa6\" data-element_type=\"container\" data-settings=\"{&quot;animation_delay&quot;:600,&quot;animation&quot;:&quot;slideInRight&quot;}\">\n\t\t\t\t<div class=\"elementor-element elementor-element-2ca3498 elementor-widget elementor-widget-image\" data-id=\"2ca3498\" data-element_type=\"widget\" data-widget_type=\"image.default\">\n\t\t\t\t\t\t\t\t\t\t\t\t\t\t\t<img loading=\"lazy\" decoding=\"async\" width=\"800\" height=\"534\" src=\"https:\/\/sandbox2.synergic.ch\/wp-content\/uploads\/2025\/10\/52863374612_fab15959c3_o-1024x683.jpg\" class=\"attachment-large size-large wp-image-487\" alt=\"\" srcset=\"https:\/\/sandbox2.synergic.ch\/wp-content\/uploads\/2025\/10\/52863374612_fab15959c3_o-1024x683.jpg 1024w, https:\/\/sandbox2.synergic.ch\/wp-content\/uploads\/2025\/10\/52863374612_fab15959c3_o-300x200.jpg 300w, https:\/\/sandbox2.synergic.ch\/wp-content\/uploads\/2025\/10\/52863374612_fab15959c3_o-768x512.jpg 768w, https:\/\/sandbox2.synergic.ch\/wp-content\/uploads\/2025\/10\/52863374612_fab15959c3_o-1536x1024.jpg 1536w, https:\/\/sandbox2.synergic.ch\/wp-content\/uploads\/2025\/10\/52863374612_fab15959c3_o-2048x1365.jpg 2048w, https:\/\/sandbox2.synergic.ch\/wp-content\/uploads\/2025\/10\/52863374612_fab15959c3_o-600x400.jpg 600w\" sizes=\"(max-width: 800px) 100vw, 800px\" \/>\t\t\t\t\t\t\t\t\t\t\t\t\t\t\t<\/div>\n\t\t\t\t<div class=\"elementor-element elementor-element-a3d689e elementor-widget elementor-widget-text-editor\" data-id=\"a3d689e\" data-element_type=\"widget\" data-widget_type=\"text-editor.default\">\n\t\t\t\t\t\t\t\t\t<p>Engag\u00e9e pour un d\u00e9veloppement responsable, Airboard\u00ae mise sur des mat\u00e9riaux de haute qualit\u00e9 et une production respectueuse de l\u2019environnement. Sa philosophie ? Allier plaisir, innovation, performance et conscience \u00e9cologique afin de red\u00e9finir les sensations de glisse tout au long de l\u2019ann\u00e9e.<\/p>\t\t\t\t\t\t\t\t<\/div>\n\t\t\t\t<\/div>\n\t\t\t\t\t<\/div>\n\t\t\t\t<\/div>\n\t\t<div class=\"elementor-element elementor-element-23170b7 e-con-full e-flex e-con e-parent\" data-id=\"23170b7\" data-element_type=\"container\" data-settings=\"{&quot;background_background&quot;:&quot;classic&quot;}\">\n\t\t<div class=\"elementor-element elementor-element-6758344 e-flex e-con-boxed e-con e-child\" data-id=\"6758344\" data-element_type=\"container\">\n\t\t\t\t\t<div class=\"e-con-inner\">\n\t\t\t\t<div class=\"elementor-element elementor-element-e0aa54c elementor-widget elementor-widget-heading\" data-id=\"e0aa54c\" data-element_type=\"widget\" data-widget_type=\"heading.default\">\n\t\t\t\t\t<h2 class=\"elementor-heading-title elementor-size-default\">L'apprentissage en mouvement<\/h2>\t\t\t\t<\/div>\n\t\t\t\t\t<\/div>\n\t\t\t\t<\/div>\n\t\t\t\t<\/div>\n\t\t<div class=\"elementor-element elementor-element-7c9b68a e-flex e-con-boxed e-con e-parent\" data-id=\"7c9b68a\" data-element_type=\"container\">\n\t\t\t\t\t<div class=\"e-con-inner\">\n\t\t\t\t<div class=\"elementor-element elementor-element-5fcb64c elementor-widget elementor-widget-image\" data-id=\"5fcb64c\" data-element_type=\"widget\" data-widget_type=\"image.default\">\n\t\t\t\t\t\t\t\t\t\t\t\t\t\t\t<img loading=\"lazy\" decoding=\"async\" width=\"2560\" height=\"657\" src=\"https:\/\/sandbox2.synergic.ch\/wp-content\/uploads\/2025\/10\/Logo-Synergic-scaled.png\" class=\"attachment-full size-full wp-image-514\" alt=\"\" srcset=\"https:\/\/sandbox2.synergic.ch\/wp-content\/uploads\/2025\/10\/Logo-Synergic-scaled.png 2560w, https:\/\/sandbox2.synergic.ch\/wp-content\/uploads\/2025\/10\/Logo-Synergic-300x77.png 300w, https:\/\/sandbox2.synergic.ch\/wp-content\/uploads\/2025\/10\/Logo-Synergic-1024x263.png 1024w, https:\/\/sandbox2.synergic.ch\/wp-content\/uploads\/2025\/10\/Logo-Synergic-768x197.png 768w, https:\/\/sandbox2.synergic.ch\/wp-content\/uploads\/2025\/10\/Logo-Synergic-1536x394.png 1536w, https:\/\/sandbox2.synergic.ch\/wp-content\/uploads\/2025\/10\/Logo-Synergic-2048x526.png 2048w, https:\/\/sandbox2.synergic.ch\/wp-content\/uploads\/2025\/10\/Logo-Synergic-600x154.png 600w\" sizes=\"(max-width: 2560px) 100vw, 2560px\" \/>\t\t\t\t\t\t\t\t\t\t\t\t\t\t\t<\/div>\n\t\t\t\t\t<\/div>\n\t\t\t\t<\/div>\n\t\t<div class=\"elementor-element elementor-element-58f5d63 e-flex e-con-boxed e-con e-parent\" data-id=\"58f5d63\" data-element_type=\"container\" data-settings=\"{&quot;animation&quot;:&quot;none&quot;}\">\n\t\t\t\t\t<div class=\"e-con-inner\">\n\t\t<div class=\"elementor-element elementor-element-2455743 e-con-full e-flex elementor-invisible e-con e-child\" data-id=\"2455743\" data-element_type=\"container\" data-settings=\"{&quot;animation_delay&quot;:600,&quot;animation&quot;:&quot;slideInLeft&quot;}\">\n\t\t\t\t<div class=\"elementor-element elementor-element-5051465 elementor-widget elementor-widget-image\" data-id=\"5051465\" data-element_type=\"widget\" data-widget_type=\"image.default\">\n\t\t\t\t\t\t\t\t\t\t\t\t\t\t\t<img loading=\"lazy\" decoding=\"async\" width=\"2560\" height=\"1707\" src=\"https:\/\/sandbox2.synergic.ch\/wp-content\/uploads\/2025\/11\/pexels-ivan-s-8127691-scaled.jpg\" class=\"attachment-full size-full wp-image-778\" alt=\"\" srcset=\"https:\/\/sandbox2.synergic.ch\/wp-content\/uploads\/2025\/11\/pexels-ivan-s-8127691-scaled.jpg 2560w, https:\/\/sandbox2.synergic.ch\/wp-content\/uploads\/2025\/11\/pexels-ivan-s-8127691-300x200.jpg 300w, https:\/\/sandbox2.synergic.ch\/wp-content\/uploads\/2025\/11\/pexels-ivan-s-8127691-1024x683.jpg 1024w, https:\/\/sandbox2.synergic.ch\/wp-content\/uploads\/2025\/11\/pexels-ivan-s-8127691-768x512.jpg 768w, https:\/\/sandbox2.synergic.ch\/wp-content\/uploads\/2025\/11\/pexels-ivan-s-8127691-1536x1024.jpg 1536w, https:\/\/sandbox2.synergic.ch\/wp-content\/uploads\/2025\/11\/pexels-ivan-s-8127691-2048x1366.jpg 2048w, https:\/\/sandbox2.synergic.ch\/wp-content\/uploads\/2025\/11\/pexels-ivan-s-8127691-600x400.jpg 600w\" sizes=\"(max-width: 2560px) 100vw, 2560px\" \/>\t\t\t\t\t\t\t\t\t\t\t\t\t\t\t<\/div>\n\t\t\t\t<div class=\"elementor-element elementor-element-acfe5c3 elementor-widget elementor-widget-text-editor\" data-id=\"acfe5c3\" data-element_type=\"widget\" data-widget_type=\"text-editor.default\">\n\t\t\t\t\t\t\t\t\t<p class=\"p1\">Depuis plus de trente ans, Synergic accompagne des personnes en transition professionnelle. Ici, chacun progresse \u00e0 son rythme, retrouve confiance et clarifie ses objectifs. Chaque parcours est unique, et nous veillons \u00e0 ce que chacun avance avec s\u00e9curit\u00e9, respect et consid\u00e9ration.<\/p>\t\t\t\t\t\t\t\t<\/div>\n\t\t\t\t<\/div>\n\t\t<div class=\"elementor-element elementor-element-500199a e-con-full e-flex elementor-invisible e-con e-child\" data-id=\"500199a\" data-element_type=\"container\" data-settings=\"{&quot;animation_delay&quot;:900,&quot;animation&quot;:&quot;slideInUp&quot;}\">\n\t\t\t\t<div class=\"elementor-element elementor-element-2f4637a elementor-widget elementor-widget-text-editor\" data-id=\"2f4637a\" data-element_type=\"widget\" data-widget_type=\"text-editor.default\">\n\t\t\t\t\t\t\t\t\t<p class=\"p1\">Nos d\u00e9partements fonctionnent comme un v\u00e9ritable environnement de travail. Les participants collaborent, prennent part aux projets et renforcent leurs comp\u00e9tences en situation r\u00e9elle. L\u2019apprentissage se fait par l\u2019action, l\u2019\u00e9coute et l\u2019accompagnement personnalis\u00e9.<\/p>\t\t\t\t\t\t\t\t<\/div>\n\t\t\t\t<div class=\"elementor-element elementor-element-00fc44f elementor-widget elementor-widget-image\" data-id=\"00fc44f\" data-element_type=\"widget\" data-widget_type=\"image.default\">\n\t\t\t\t\t\t\t\t\t\t\t\t\t\t\t<img loading=\"lazy\" decoding=\"async\" width=\"2560\" height=\"1708\" src=\"https:\/\/sandbox2.synergic.ch\/wp-content\/uploads\/2025\/11\/pexels-ivan-s-8127697-scaled.jpg\" class=\"attachment-full size-full wp-image-779\" alt=\"\" srcset=\"https:\/\/sandbox2.synergic.ch\/wp-content\/uploads\/2025\/11\/pexels-ivan-s-8127697-scaled.jpg 2560w, https:\/\/sandbox2.synergic.ch\/wp-content\/uploads\/2025\/11\/pexels-ivan-s-8127697-300x200.jpg 300w, https:\/\/sandbox2.synergic.ch\/wp-content\/uploads\/2025\/11\/pexels-ivan-s-8127697-1024x683.jpg 1024w, https:\/\/sandbox2.synergic.ch\/wp-content\/uploads\/2025\/11\/pexels-ivan-s-8127697-768x512.jpg 768w, https:\/\/sandbox2.synergic.ch\/wp-content\/uploads\/2025\/11\/pexels-ivan-s-8127697-1536x1025.jpg 1536w, https:\/\/sandbox2.synergic.ch\/wp-content\/uploads\/2025\/11\/pexels-ivan-s-8127697-2048x1366.jpg 2048w, https:\/\/sandbox2.synergic.ch\/wp-content\/uploads\/2025\/11\/pexels-ivan-s-8127697-600x400.jpg 600w\" sizes=\"(max-width: 2560px) 100vw, 2560px\" \/>\t\t\t\t\t\t\t\t\t\t\t\t\t\t\t<\/div>\n\t\t\t\t<\/div>\n\t\t<div class=\"elementor-element elementor-element-00a7145 e-con-full e-flex elementor-invisible e-con e-child\" data-id=\"00a7145\" data-element_type=\"container\" data-settings=\"{&quot;animation_delay&quot;:600,&quot;animation&quot;:&quot;slideInRight&quot;}\">\n\t\t\t\t<div class=\"elementor-element elementor-element-596174b elementor-widget elementor-widget-image\" data-id=\"596174b\" data-element_type=\"widget\" data-widget_type=\"image.default\">\n\t\t\t\t\t\t\t\t\t\t\t\t\t\t\t<img loading=\"lazy\" decoding=\"async\" width=\"800\" height=\"534\" src=\"https:\/\/sandbox2.synergic.ch\/wp-content\/uploads\/2025\/11\/pexels-ivan-s-8127802-1024x683.jpg\" class=\"attachment-large size-large wp-image-777\" alt=\"\" srcset=\"https:\/\/sandbox2.synergic.ch\/wp-content\/uploads\/2025\/11\/pexels-ivan-s-8127802-1024x683.jpg 1024w, https:\/\/sandbox2.synergic.ch\/wp-content\/uploads\/2025\/11\/pexels-ivan-s-8127802-300x200.jpg 300w, https:\/\/sandbox2.synergic.ch\/wp-content\/uploads\/2025\/11\/pexels-ivan-s-8127802-768x512.jpg 768w, https:\/\/sandbox2.synergic.ch\/wp-content\/uploads\/2025\/11\/pexels-ivan-s-8127802-1536x1025.jpg 1536w, https:\/\/sandbox2.synergic.ch\/wp-content\/uploads\/2025\/11\/pexels-ivan-s-8127802-2048x1366.jpg 2048w, https:\/\/sandbox2.synergic.ch\/wp-content\/uploads\/2025\/11\/pexels-ivan-s-8127802-600x400.jpg 600w\" sizes=\"(max-width: 800px) 100vw, 800px\" \/>\t\t\t\t\t\t\t\t\t\t\t\t\t\t\t<\/div>\n\t\t\t\t<div class=\"elementor-element elementor-element-4aa3b02 elementor-widget elementor-widget-text-editor\" data-id=\"4aa3b02\" data-element_type=\"widget\" data-widget_type=\"text-editor.default\">\n\t\t\t\t\t\t\t\t\t<p class=\"p1\">Notre vision est humaine et durable. Avec nos partenaires, nous cr\u00e9ons des passerelles vers l\u2019emploi et soutenons les parcours de mani\u00e8re coh\u00e9rente. Chez Synergic, personne ne chemine seul : chaque personne compte et m\u00e9rite le temps et l\u2019espace pour se reconstruire.<\/p>\t\t\t\t\t\t\t\t<\/div>\n\t\t\t\t<\/div>\n\t\t\t\t\t<\/div>\n\t\t\t\t<\/div>\n\t\t\t\t<\/div>\n\t\t","protected":false},"excerpt":{"rendered":"<p>\u00e0 propos de nous N\u00e9e au c\u0153ur de la Suisse, Airboard\u00ae incarne la libert\u00e9, la glisse et l\u2019innovation. Depuis plus de vingt ans, la marque con\u00e7oit des \u00e9quipements sportifs gonflables alliant design, s\u00e9curit\u00e9 et performance. Chaque cr\u00e9ation est le fruit d\u2019un savoir-faire suisse unique, o\u00f9 la passion du sport rencontre la pr\u00e9cision technique. Des bodyboards [&hellip;]<\/p>\n","protected":false},"author":1,"featured_media":0,"parent":0,"menu_order":0,"comment_status":"closed","ping_status":"closed","template":"elementor_header_footer","meta":{"footnotes":""},"folder":[],"class_list":["post-733","page","type-page","status-publish","hentry"],"jetpack_sharing_enabled":true,"_links":{"self":[{"href":"https:\/\/sandbox2.synergic.ch\/index.php?rest_route=\/wp\/v2\/pages\/733","targetHints":{"allow":["GET"]}}],"collection":[{"href":"https:\/\/sandbox2.synergic.ch\/index.php?rest_route=\/wp\/v2\/pages"}],"about":[{"href":"https:\/\/sandbox2.synergic.ch\/index.php?rest_route=\/wp\/v2\/types\/page"}],"author":[{"embeddable":true,"href":"https:\/\/sandbox2.synergic.ch\/index.php?rest_route=\/wp\/v2\/users\/1"}],"replies":[{"embeddable":true,"href":"https:\/\/sandbox2.synergic.ch\/index.php?rest_route=%2Fwp%2Fv2%2Fcomments&post=733"}],"version-history":[{"count":76,"href":"https:\/\/sandbox2.synergic.ch\/index.php?rest_route=\/wp\/v2\/pages\/733\/revisions"}],"predecessor-version":[{"id":831,"href":"https:\/\/sandbox2.synergic.ch\/index.php?rest_route=\/wp\/v2\/pages\/733\/revisions\/831"}],"wp:attachment":[{"href":"https:\/\/sandbox2.synergic.ch\/index.php?rest_route=%2Fwp%2Fv2%2Fmedia&parent=733"}],"wp:term":[{"taxonomy":"folder","embeddable":true,"href":"https:\/\/sandbox2.synergic.ch\/index.php?rest_route=%2Fwp%2Fv2%2Ffolder&post=733"}],"curies":[{"name":"wp","href":"https:\/\/api.w.org\/{rel}","templated":true}]}}