{"id":81,"date":"2025-10-24T16:53:55","date_gmt":"2025-10-24T14:53:55","guid":{"rendered":"https:\/\/sandbox2.synergic.ch\/?page_id=81"},"modified":"2026-03-18T10:38:01","modified_gmt":"2026-03-18T09:38:01","slug":"elementor-81","status":"publish","type":"page","link":"https:\/\/sandbox2.synergic.ch\/","title":{"rendered":"Bienvenue"},"content":{"rendered":"\t\t<div data-elementor-type=\"wp-page\" data-elementor-id=\"81\" class=\"elementor elementor-81\" data-elementor-post-type=\"page\">\n\t\t\t\t<div class=\"elementor-element elementor-element-14f5e20 e-con-full e-flex e-con e-parent\" data-id=\"14f5e20\" data-element_type=\"container\" data-settings=\"{&quot;background_background&quot;:&quot;classic&quot;,&quot;shape_divider_bottom&quot;:&quot;pyramids&quot;}\">\n\t\t\t\t<div class=\"elementor-shape elementor-shape-bottom\" aria-hidden=\"true\" data-negative=\"false\">\n\t\t\t<svg xmlns=\"http:\/\/www.w3.org\/2000\/svg\" viewBox=\"0 0 1000 100\" preserveAspectRatio=\"none\">\n\t<path class=\"elementor-shape-fill\" d=\"M761.9,44.1L643.1,27.2L333.8,98L0,3.8V0l1000,0v3.9\"\/>\n<\/svg>\t\t<\/div>\n\t\t<div class=\"elementor-element elementor-element-9c4d607 e-con-full e-flex e-con e-child\" data-id=\"9c4d607\" data-element_type=\"container\">\n\t\t\t\t<div class=\"elementor-element elementor-element-4ce22e0 elementor-widget elementor-widget-image\" data-id=\"4ce22e0\" data-element_type=\"widget\" data-widget_type=\"image.default\">\n\t\t\t\t\t\t\t\t\t\t\t\t\t\t\t<img fetchpriority=\"high\" decoding=\"async\" width=\"1530\" height=\"704\" src=\"https:\/\/sandbox2.synergic.ch\/wp-content\/uploads\/2025\/10\/1ee37ccf-d3fb-440f-a266-3224ae841ff4.png\" class=\"attachment-full size-full wp-image-97\" alt=\"\" srcset=\"https:\/\/sandbox2.synergic.ch\/wp-content\/uploads\/2025\/10\/1ee37ccf-d3fb-440f-a266-3224ae841ff4.png 1530w, https:\/\/sandbox2.synergic.ch\/wp-content\/uploads\/2025\/10\/1ee37ccf-d3fb-440f-a266-3224ae841ff4-300x138.png 300w, https:\/\/sandbox2.synergic.ch\/wp-content\/uploads\/2025\/10\/1ee37ccf-d3fb-440f-a266-3224ae841ff4-1024x471.png 1024w, https:\/\/sandbox2.synergic.ch\/wp-content\/uploads\/2025\/10\/1ee37ccf-d3fb-440f-a266-3224ae841ff4-768x353.png 768w, https:\/\/sandbox2.synergic.ch\/wp-content\/uploads\/2025\/10\/1ee37ccf-d3fb-440f-a266-3224ae841ff4-600x276.png 600w\" sizes=\"(max-width: 1530px) 100vw, 1530px\" \/>\t\t\t\t\t\t\t\t\t\t\t\t\t\t\t<\/div>\n\t\t\t\t<\/div>\n\t\t\t\t<\/div>\n\t\t<div class=\"elementor-element elementor-element-d14341a e-flex e-con-boxed e-con e-parent\" data-id=\"d14341a\" data-element_type=\"container\">\n\t\t\t\t\t<div class=\"e-con-inner\">\n\t\t\t\t<div class=\"elementor-element elementor-element-ccbce10 elementor-headline--style-rotate elementor-widget elementor-widget-animated-headline\" data-id=\"ccbce10\" data-element_type=\"widget\" data-settings=\"{&quot;headline_style&quot;:&quot;rotate&quot;,&quot;animation_type&quot;:&quot;drop-in&quot;,&quot;rotating_text&quot;:&quot;innovation\\nperformance\\nlibert\\u00e9\\naventure&quot;,&quot;rotate_iteration_delay&quot;:1200,&quot;loop&quot;:&quot;yes&quot;}\" data-widget_type=\"animated-headline.default\">\n\t\t\t\t\t\t\t<h1 class=\"elementor-headline elementor-headline-animation-type-drop-in\">\n\t\t\t\t\t<span class=\"elementor-headline-plain-text elementor-headline-text-wrapper\">Des sommets \u00e0 l\u2019horizon, Airboard\u00ae allie<\/span>\n\t\t\t\t<span class=\"elementor-headline-dynamic-wrapper elementor-headline-text-wrapper\">\n\t\t\t\t\t<span class=\"elementor-headline-dynamic-text elementor-headline-text-active\">\n\t\t\t\tinnovation\t\t\t<\/span>\n\t\t\t\t\t<span class=\"elementor-headline-dynamic-text\">\n\t\t\t\tperformance\t\t\t<\/span>\n\t\t\t\t\t<span class=\"elementor-headline-dynamic-text\">\n\t\t\t\tlibert\u00e9\t\t\t<\/span>\n\t\t\t\t\t<span class=\"elementor-headline-dynamic-text\">\n\t\t\t\taventure\t\t\t<\/span>\n\t\t\t\t\t\t<\/span>\n\t\t\t\t<\/h1>\n\t\t\t\t\t\t<\/div>\n\t\t\t\t\t<\/div>\n\t\t\t\t<\/div>\n\t\t<div class=\"elementor-element elementor-element-e9a1707 e-flex e-con-boxed e-con e-parent\" data-id=\"e9a1707\" data-element_type=\"container\">\n\t\t\t\t\t<div class=\"e-con-inner\">\n\t\t<div class=\"elementor-element elementor-element-20dc7ef e-flex e-con-boxed e-con e-child\" data-id=\"20dc7ef\" data-element_type=\"container\">\n\t\t\t\t\t<div class=\"e-con-inner\">\n\t\t\t\t<div class=\"elementor-element elementor-element-823f942 elementor-widget elementor-widget-text-editor\" data-id=\"823f942\" data-element_type=\"widget\" data-widget_type=\"text-editor.default\">\n\t\t\t\t\t\t\t\t\t<p>Airboard\u00ae r\u00e9invente la glisse entre montagne et oc\u00e9an, m\u00ealant design suisse et sensations pures.<br data-start=\"218\" data-end=\"221\" \/>Synergic, entreprise de pratique commerciale, est fi\u00e8re de compter Airboard\u00ae comme marque marraine <br \/>et de transmettre \u00e0 travers ce partenariat les valeurs de libert\u00e9, d\u2019audace et d\u2019excellence.<\/p>\t\t\t\t\t\t\t\t<\/div>\n\t\t\t\t\t<\/div>\n\t\t\t\t<\/div>\n\t\t\t\t\t<\/div>\n\t\t\t\t<\/div>\n\t\t<div class=\"elementor-element elementor-element-fecc3e2 e-flex e-con-boxed e-con e-parent\" data-id=\"fecc3e2\" data-element_type=\"container\">\n\t\t\t\t\t<div class=\"e-con-inner\">\n\t\t<div class=\"elementor-element elementor-element-8a0d3be e-con-full e-flex e-con e-child\" data-id=\"8a0d3be\" data-element_type=\"container\">\n\t\t\t\t<div class=\"elementor-element elementor-element-af9db90 elementor--h-position-center elementor--v-position-middle elementor-widget elementor-widget-slides\" data-id=\"af9db90\" data-element_type=\"widget\" data-settings=\"{&quot;navigation&quot;:&quot;none&quot;,&quot;autoplay_speed&quot;:3000,&quot;transition&quot;:&quot;fade&quot;,&quot;transition_speed&quot;:2700,&quot;autoplay&quot;:&quot;yes&quot;,&quot;pause_on_hover&quot;:&quot;yes&quot;,&quot;pause_on_interaction&quot;:&quot;yes&quot;,&quot;infinite&quot;:&quot;yes&quot;}\" data-widget_type=\"slides.default\">\n\t\t\t\t\t\t\t\t\t\t<div class=\"elementor-slides-wrapper elementor-main-swiper swiper\" role=\"region\" aria-roledescription=\"carousel\" aria-label=\"Diapositives\" dir=\"ltr\" data-animation=\"fadeInUp\">\n\t\t\t\t<div class=\"swiper-wrapper elementor-slides\">\n\t\t\t\t\t\t\t\t\t\t<div class=\"elementor-repeater-item-7fbbfeb swiper-slide\" role=\"group\" aria-roledescription=\"slide\"><div class=\"swiper-slide-bg elementor-ken-burns elementor-ken-burns--in\" role=\"img\" aria-label=\"2\"><\/div><div class=\"swiper-slide-inner\" ><div class=\"swiper-slide-contents\"><\/div><\/div><\/div><div class=\"elementor-repeater-item-85cc3ea swiper-slide\" role=\"group\" aria-roledescription=\"slide\"><div class=\"swiper-slide-bg elementor-ken-burns elementor-ken-burns--in\" role=\"img\" aria-label=\"2\"><\/div><div class=\"swiper-slide-inner\" ><div class=\"swiper-slide-contents\"><\/div><\/div><\/div><div class=\"elementor-repeater-item-5113395 swiper-slide\" role=\"group\" aria-roledescription=\"slide\"><div class=\"swiper-slide-bg elementor-ken-burns elementor-ken-burns--in\" role=\"img\" aria-label=\"1\"><\/div><div class=\"swiper-slide-inner\" ><div class=\"swiper-slide-contents\"><\/div><\/div><\/div><div class=\"elementor-repeater-item-e3a1ddb swiper-slide\" role=\"group\" aria-roledescription=\"slide\"><div class=\"swiper-slide-bg elementor-ken-burns elementor-ken-burns--in\" role=\"img\" aria-label=\"Paddle carbon square blade\"><\/div><div class=\"swiper-slide-inner\" ><div class=\"swiper-slide-contents\"><\/div><\/div><\/div>\t\t\t\t<\/div>\n\t\t\t\t\t\t\t\t\t\t\t\t\t\t\t\t\t\t\t\t\t<\/div>\n\t\t\t\t\t\t\t\t<\/div>\n\t\t\t\t<\/div>\n\t\t<div class=\"elementor-element elementor-element-7be70ca e-con-full e-flex e-con e-child\" data-id=\"7be70ca\" data-element_type=\"container\">\n\t\t\t\t<div class=\"elementor-element elementor-element-57a2008 elementor-widget elementor-widget-heading\" data-id=\"57a2008\" data-element_type=\"widget\" data-widget_type=\"heading.default\">\n\t\t\t\t\t<h1 class=\"elementor-heading-title elementor-size-default\">Glissez vers notre webshop<\/h1>\t\t\t\t<\/div>\n\t\t\t\t<div class=\"elementor-element elementor-element-847a922 elementor-widget elementor-widget-button\" data-id=\"847a922\" data-element_type=\"widget\" data-widget_type=\"button.default\">\n\t\t\t\t\t\t\t\t\t\t<a class=\"elementor-button elementor-button-link elementor-size-sm\" href=\"#\">\n\t\t\t\t\t\t<span class=\"elementor-button-content-wrapper\">\n\t\t\t\t\t\t<span class=\"elementor-button-icon\">\n\t\t\t\t<svg aria-hidden=\"true\" class=\"e-font-icon-svg e-far-arrow-alt-circle-right\" viewBox=\"0 0 512 512\" xmlns=\"http:\/\/www.w3.org\/2000\/svg\"><path d=\"M504 256C504 119 393 8 256 8S8 119 8 256s111 248 248 248 248-111 248-248zm-448 0c0-110.5 89.5-200 200-200s200 89.5 200 200-89.5 200-200 200S56 366.5 56 256zm72 20v-40c0-6.6 5.4-12 12-12h116v-67c0-10.7 12.9-16 20.5-8.5l99 99c4.7 4.7 4.7 12.3 0 17l-99 99c-7.6 7.6-20.5 2.2-20.5-8.5v-67H140c-6.6 0-12-5.4-12-12z\"><\/path><\/svg>\t\t\t<\/span>\n\t\t\t\t\t\t\t\t\t<span class=\"elementor-button-text\">D\u00e9couvrir<\/span>\n\t\t\t\t\t<\/span>\n\t\t\t\t\t<\/a>\n\t\t\t\t\t\t\t\t<\/div>\n\t\t\t\t<\/div>\n\t\t\t\t\t<\/div>\n\t\t\t\t<\/div>\n\t\t\t\t<\/div>\n\t\t","protected":false},"excerpt":{"rendered":"<p>Des sommets \u00e0 l\u2019horizon, Airboard\u00ae allie innovation performance libert\u00e9 aventure Airboard\u00ae r\u00e9invente la glisse entre montagne et oc\u00e9an, m\u00ealant design suisse et sensations pures.Synergic, entreprise de pratique commerciale, est fi\u00e8re de compter Airboard\u00ae comme marque marraine et de transmettre \u00e0 travers ce partenariat les valeurs de libert\u00e9, d\u2019audace et d\u2019excellence. Glissez vers notre webshop D\u00e9couvrir<\/p>\n","protected":false},"author":1,"featured_media":0,"parent":0,"menu_order":0,"comment_status":"closed","ping_status":"closed","template":"elementor_header_footer","meta":{"footnotes":""},"folder":[],"class_list":["post-81","page","type-page","status-publish","hentry"],"jetpack_sharing_enabled":true,"_links":{"self":[{"href":"https:\/\/sandbox2.synergic.ch\/index.php?rest_route=\/wp\/v2\/pages\/81","targetHints":{"allow":["GET"]}}],"collection":[{"href":"https:\/\/sandbox2.synergic.ch\/index.php?rest_route=\/wp\/v2\/pages"}],"about":[{"href":"https:\/\/sandbox2.synergic.ch\/index.php?rest_route=\/wp\/v2\/types\/page"}],"author":[{"embeddable":true,"href":"https:\/\/sandbox2.synergic.ch\/index.php?rest_route=\/wp\/v2\/users\/1"}],"replies":[{"embeddable":true,"href":"https:\/\/sandbox2.synergic.ch\/index.php?rest_route=%2Fwp%2Fv2%2Fcomments&post=81"}],"version-history":[{"count":19,"href":"https:\/\/sandbox2.synergic.ch\/index.php?rest_route=\/wp\/v2\/pages\/81\/revisions"}],"predecessor-version":[{"id":834,"href":"https:\/\/sandbox2.synergic.ch\/index.php?rest_route=\/wp\/v2\/pages\/81\/revisions\/834"}],"wp:attachment":[{"href":"https:\/\/sandbox2.synergic.ch\/index.php?rest_route=%2Fwp%2Fv2%2Fmedia&parent=81"}],"wp:term":[{"taxonomy":"folder","embeddable":true,"href":"https:\/\/sandbox2.synergic.ch\/index.php?rest_route=%2Fwp%2Fv2%2Ffolder&post=81"}],"curies":[{"name":"wp","href":"https:\/\/api.w.org\/{rel}","templated":true}]}}